{"id":8,"date":"2015-10-10T06:44:51","date_gmt":"2015-10-10T06:44:51","guid":{"rendered":"http:\/\/www.dosektechnologies.com\/?page_id=8"},"modified":"2024-06-26T17:58:02","modified_gmt":"2024-06-26T21:58:02","slug":"avantages","status":"publish","type":"page","link":"https:\/\/www.dosektechnologies.com\/?page_id=8","title":{"rendered":"Avantages d&rsquo;utiliser un s\u00e9lecteur de d\u00e9marrage intelligent dans son ordinateur:"},"content":{"rendered":"\n<p><\/p>\n\n\n<h4>1) Permet d&rsquo;avoir acc\u00e8s rapidement \u00e0 un disque clon\u00e9, en cas de virus ou de bris !<\/h4>\n<hr \/>\n<h4>2) Contrairement aux &lsquo;switches&rsquo; conventionnels sur le march\u00e9, les disques sont verrouill\u00e9s \u00e9lectroniquement et non manuellement par le SMART BOOTABLE SELECTOR et les donn\u00e9es sont prot\u00e9g\u00e9es aussit\u00f4t que l&rsquo;on d\u00e9marre l\u2019ordinateur, donc beaucoup plus de s\u00e9curit\u00e9 !<\/h4>\n<hr \/>\n<h4>3) Multipliez par 4\u00a0 le nombre de disque (SSD) avec O.S. physique dans votre ordinateur.<\/h4>\n<hr \/>\n<h4 style=\"background: white; orphans: auto; text-align: start; widows: 1; -webkit-text-stroke-width: 0px; word-spacing: 0px;\">4) Compatible avec les disques SSD et HDD.<\/h4>\n<hr \/>\n<h4 style=\"background: white; orphans: auto; text-align: start; widows: 1; -webkit-text-stroke-width: 0px; word-spacing: 0px;\">5) Simplicit\u00e9 d&rsquo;utilisation, un seul s\u00e9lecteur avant de d\u00e9marrer !<\/h4>\n<hr \/>\n<h4 style=\"background: white; orphans: auto; text-align: start; widows: 1; -webkit-text-stroke-width: 0px; word-spacing: 0px;\">6) Aucune configuration n\u00e9cessaire.<\/h4>\n<hr \/>\n<h4 style=\"background: white; orphans: auto; text-align: start; widows: 1; -webkit-text-stroke-width: 0px; word-spacing: 0px;\">7) Aucune installation de logiciels n\u00e9cessaires.<\/h4>\n<hr \/>\n<h4 style=\"background: white; orphans: auto; text-align: start; widows: 1; -webkit-text-stroke-width: 0px; word-spacing: 0px;\">8) Essayez de nouveaux syst\u00e8mes d&rsquo;exploitation sans crainte et sans peur tout en conservant votre ancien syst\u00e8me d&rsquo;exploitation !\u00a0<\/h4>\n<hr \/>\n<h4 style=\"background: white; orphans: auto; text-align: start; widows: 1; -webkit-text-stroke-width: 0px; word-spacing: 0px;\">9) Optimisez votre temps et vos ressources vitesse et m\u00e9moire dans vos disques ! Plus besoins d&rsquo;utiliser des applications complexes de gestion de disques virtuels pour pouvoir utiliser plusieurs O.S. et risquez de tout perdre d&rsquo;un seul coup !<\/h4>\n<hr \/>\n<h4 style=\"background: white; orphans: auto; text-align: start; widows: 1; -webkit-text-stroke-width: 0px; word-spacing: 0px;\">10) Les &lt;&lt; GAMERS &gt;&gt; seront ravis du &lsquo;MODE CASCADE&rsquo; ! Les ressources m\u00e9moire-vitesse sont importantes pour eux !\u00a0<\/h4>\n<h4 style=\"background: white; orphans: auto; text-align: start; widows: 1; -webkit-text-stroke-width: 0px; word-spacing: 0px;\">&#8211;Possibilit\u00e9 jusqu&rsquo;\u00e0 4 SSD avec 1 unit\u00e9s dans l&rsquo;ordinateur.<\/h4>\n<h4 style=\"background: white; orphans: auto; text-align: start; widows: 1; -webkit-text-stroke-width: 0px; word-spacing: 0px;\">&#8211;Possibilit\u00e9 jusqu&rsquo;\u00e0 7 SSD avec 2 unit\u00e9s en cascade dans le m\u00eame ordinateur.<\/h4>\n<h4 style=\"background: white; orphans: auto; text-align: start; widows: 1; -webkit-text-stroke-width: 0px; word-spacing: 0px;\">&#8211;Possibilit\u00e9 jusqu&rsquo;\u00e0 10 SSD avec 3 unit\u00e9s en cascade dans le m\u00eame ordinateur.<\/h4>\n<h4 style=\"background: white; orphans: auto; text-align: start; widows: 1; -webkit-text-stroke-width: 0px; word-spacing: 0px;\">&#8211;Possibilit\u00e9 jusqu&rsquo;\u00e0 13 SSD avec 4 unit\u00e9s en cascade dans le m\u00eame ordinateur. Etc&#8230;<\/h4>\n<h4 style=\"background: white; orphans: auto; text-align: start; widows: 1; -webkit-text-stroke-width: 0px; word-spacing: 0px;\">\u00a0<\/h4>\n<hr \/>\n<h4 style=\"background: white; orphans: auto; text-align: start; widows: 1; -webkit-text-stroke-width: 0px; word-spacing: 0px;\">12) Permet de tester de nouveaux logiciels ! Cela nous \u00e9vite de d\u00e9monter et d&rsquo;ouvrir le PC \u00a0! Donc la productivit\u00e9 n&rsquo;est pas compromise !<\/h4>\n<p>\u00a0<\/p>\n\n\n<p><\/p>\n\n\n\n<p><\/p>\n\n\n\n<h2 class=\"wp-block-heading\">POURQUOI CLONER UN DISQUE AVEC LE S\u00c9LECTEUR DE D\u00c9MARRAGE INTELLIGENT ?<\/h2>\n\n\n\n<p>.<\/p>\n\n\n\n<h4 class=\"wp-block-heading\">Durant toute la vie de votre ordinateur, vous stockez des donn\u00e9es, mais vous ne faites pas que \u00e7a. Vous installez de nouveaux logiciels, vous param\u00e9trez votre machine comme vous le souhaitez, et comme vous avez envie qu&rsquo;elle soit. Et cloner un disque est une sauvegarde , une deuxi\u00e8me assurance en quelque sorte !<\/h4>\n\n\n\n<h2 class=\"wp-block-heading\" id=\"1227259388\">Clonage de disque : en tout temps accessible !<\/h2>\n\n\n\n<p>.<\/p>\n\n\n\n<h4 class=\"wp-block-heading\">Le disque SSD est quand \u00e0 lui une unit\u00e9 de stockage \u00e9lectronique. Aucune pi\u00e8ce m\u00e9canique ne se trouve \u00e0 l&rsquo;int\u00e9rieur. Dans le m\u00eame principe de fonctionnement qu&rsquo;une cl\u00e9 USB, les donn\u00e9es sont envoy\u00e9es par l&rsquo;ordinateur et stock\u00e9es sur des puces \u00e9lectroniques via un contr\u00f4leur de donn\u00e9es. <\/h4>\n\n\n\n<p><\/p>\n\n\n\n<h4 class=\"wp-block-heading\">LE &lsquo;SMART BOOTABLE SELECTOR&rsquo; EST UN MULTIPLICATEUR de SSD (O.S.) pour Ordinateur !<\/h4>\n\n\n\n<h4 class=\"wp-block-heading\"><\/h4>\n\n\n\n<h4 class=\"wp-block-heading\">&nbsp;Il permet l\u2019utilisation jusqu&rsquo;\u00e0 quatre SSD qui sont des disques physiques ind\u00e9pendant les uns des autres. Chacun ayant son propre syst\u00e8me d<strong>\u2019<\/strong>exploitation. <\/h4>\n\n\n\n<h4 class=\"wp-block-heading\"><strong>Par exemple, gr\u00e2ce au produits, l\u2019utilisateur peut installer Windows\u00a011 dans un disque sans avoir \u00e0 d\u00e9sinstaller Windows\u00a010 en conservant notre ancien disque<\/strong>. D\u2019autres syst\u00e8mes d\u2019exploitation, comme\u00a0 Linux, ou m\u00eame Android ,\u00a0 peuvent aussi \u00eatre install\u00e9s dans d<strong>\u2019autres disques SSD, dans le m\u00eame ordinateur.<\/strong> Beaucoup d&rsquo;utilisateurs veulent tester certains de leur logiciels sur un disque clone sans avoir a corrompre leur disque Windows 11<\/h4>\n\n\n\n<p><\/p>\n\n\n\n<h4 class=\"wp-block-heading\">Transformer votre ordinateur en EMULATEUR DE JEUX VIDEO avec un de vos quatre SSD du s\u00e9lecteur de d\u00e9marrage intelligent de votre ordinateur.<\/h4>\n\n\n\n<p><\/p>\n","protected":false},"excerpt":{"rendered":"<p>1) Permet d&rsquo;avoir acc\u00e8s rapidement \u00e0 un disque clon\u00e9, en cas de virus ou de bris ! 2) Contrairement aux &lsquo;switches&rsquo; conventionnels sur le march\u00e9, les disques sont verrouill\u00e9s \u00e9lectroniquement et non manuellement par le SMART BOOTABLE SELECTOR et les donn\u00e9es sont prot\u00e9g\u00e9es aussit\u00f4t que l&rsquo;on d\u00e9marre l\u2019ordinateur, donc beaucoup plus de s\u00e9curit\u00e9 ! 3)&hellip;<\/p>\n","protected":false},"author":1,"featured_media":0,"parent":0,"menu_order":4,"comment_status":"closed","ping_status":"closed","template":"","meta":{"footnotes":""},"class_list":["post-8","page","type-page","status-publish","hentry"],"_links":{"self":[{"href":"https:\/\/www.dosektechnologies.com\/index.php?rest_route=\/wp\/v2\/pages\/8","targetHints":{"allow":["GET"]}}],"collection":[{"href":"https:\/\/www.dosektechnologies.com\/index.php?rest_route=\/wp\/v2\/pages"}],"about":[{"href":"https:\/\/www.dosektechnologies.com\/index.php?rest_route=\/wp\/v2\/types\/page"}],"author":[{"embeddable":true,"href":"https:\/\/www.dosektechnologies.com\/index.php?rest_route=\/wp\/v2\/users\/1"}],"replies":[{"embeddable":true,"href":"https:\/\/www.dosektechnologies.com\/index.php?rest_route=%2Fwp%2Fv2%2Fcomments&post=8"}],"version-history":[{"count":81,"href":"https:\/\/www.dosektechnologies.com\/index.php?rest_route=\/wp\/v2\/pages\/8\/revisions"}],"predecessor-version":[{"id":1320,"href":"https:\/\/www.dosektechnologies.com\/index.php?rest_route=\/wp\/v2\/pages\/8\/revisions\/1320"}],"wp:attachment":[{"href":"https:\/\/www.dosektechnologies.com\/index.php?rest_route=%2Fwp%2Fv2%2Fmedia&parent=8"}],"curies":[{"name":"wp","href":"https:\/\/api.w.org\/{rel}","templated":true}]}}