{"id":116,"date":"2015-11-10T17:06:49","date_gmt":"2015-11-10T22:06:49","guid":{"rendered":"http:\/\/www.dosektechnologies.com\/?page_id=116"},"modified":"2026-02-20T10:15:56","modified_gmt":"2026-02-20T15:15:56","slug":"acceuil","status":"publish","type":"page","link":"https:\/\/www.dosektechnologies.com\/","title":{"rendered":"Bienvenue sur notre site Web\u00a0 \u00a0!"},"content":{"rendered":"<hr \/>\n<h2 style=\"text-align: center;\">\u00a0<\/h2>\n<h2><span style=\"color: #000000;\">Voici un produit informatique simple et innovateur !<\/span><\/h2>\n<h4><strong data-rich-text-format-boundary=\"true\">D\u00e9velopp\u00e9 par\u00a0 Dosek Technologies, le SELECTEUR DE D\u00c9MARRAGE INTELLIGENT est un \u00e9quipement (hardware) facile \u00e0 installer dans un Desktop ou une tour PC. <\/strong><span style=\"color: #000000;\">Il vous permettra d&rsquo;utiliser jusqu&rsquo;a quatre SSD de d\u00e9marrage dans votre ordinateur.<\/span><\/h4>\n<p>.<\/p>\n<p><a href=\"https:\/\/www.dosektechnologies.com\/wp-content\/uploads\/2024\/06\/4-OS-dosek2.jpg\"><img loading=\"lazy\" decoding=\"async\" class=\"aligncenter wp-image-1327 size-full\" src=\"https:\/\/www.dosektechnologies.com\/wp-content\/uploads\/2024\/06\/4-OS-dosek2.jpg\" alt=\"\" width=\"300\" height=\"140\" srcset=\"https:\/\/www.dosektechnologies.com\/wp-content\/uploads\/2024\/06\/4-OS-dosek2.jpg 300w, https:\/\/www.dosektechnologies.com\/wp-content\/uploads\/2024\/06\/4-OS-dosek2-150x70.jpg 150w\" sizes=\"auto, (max-width: 300px) 100vw, 300px\" \/><\/a><\/p>\n<p>.<\/p>\n<h3><span style=\"color: #0000ff;\">The new SMART BOOTABLE SELECTOR\u00a0 will allow you to use up to four bootable SSDs in your computer.<\/span><\/h3>\n<h4>\u00a0<\/h4>\n<h5>\u00a0<\/h5>\n\n\n<figure class=\"wp-block-embed is-type-video is-provider-youtube wp-block-embed-youtube wp-embed-aspect-16-9 wp-has-aspect-ratio\"><div class=\"wp-block-embed__wrapper\">\n<iframe loading=\"lazy\" title=\"MULTIBOOT1  POUR  PC  ( DOSEK , PODCAST #3 )\" width=\"1240\" height=\"698\" src=\"https:\/\/www.youtube.com\/embed\/OzyQa_iBvzU?feature=oembed\" frameborder=\"0\" allow=\"accelerometer; autoplay; clipboard-write; encrypted-media; gyroscope; picture-in-picture; web-share\" referrerpolicy=\"strict-origin-when-cross-origin\" allowfullscreen><\/iframe>\n<\/div><figcaption class=\"wp-element-caption\">Vid\u00e9o de trois produits MULTIBOOT1<\/figcaption><\/figure>\n\n\n\n<hr class=\"wp-block-separator has-css-opacity\"\/>\n\n\n\n<hr class=\"wp-block-separator has-css-opacity\"\/>\n\n\n\n<h3 class=\"wp-block-heading\"> <br>D\u00c9COUVREZ DE &nbsp;\u00ab\u00a0NOUVELLES FA\u00c7ONS\u00a0\u00bb &nbsp;D&rsquo;UTILISER VOTRE ORDINATEUR&nbsp; ! <\/h3>\n\n\n\n<ul class=\"wp-block-list\">\n<li><strong> Un simple \u00ab\u00a0s\u00e9lecteur 4 positions\u00a0\u00bb et ensuite pressez le bouton \u00ab\u00a0D\u00e9marrer\u00a0\u00bb de votre ordinateur et&nbsp; le tour est jou\u00e9 ! <\/strong><\/li>\n\n\n\n<li><strong> Le disque s\u00e9lectionn\u00e9 d\u00e9marre l&rsquo;ordinateur et les autres disques seront verrouill\u00e9s en mode dormance sans \u00e9nergie ! Le s\u00e9lecteur restera verrouill\u00e9 instantan\u00e9ment peut importe si l&rsquo;on change sa position jusqu&rsquo;au red\u00e9marrage de l&rsquo;ordinateur.<\/strong><\/li>\n<\/ul>\n\n\n\n<hr class=\"wp-block-separator has-css-opacity\"\/>\n\n\n\n<h3 class=\"wp-block-heading\">DISCOVER \u00ab\u00a0NEW WAYS\u00a0\u00bb TO USE YOUR COMPUTER !<\/h3>\n\n\n\n<ul class=\"wp-block-list\">\n<li><strong>A simple \u00ab\u00a04-position selector\u00a0\u00bb and then press the \u00ab\u00a0Start\u00a0\u00bb button on your computer and you&rsquo;re done! <\/strong><\/li>\n\n\n\n<li><strong>The selected disk starts the computer, and the other disks will be locked in sleep mode with no power! The selector will remain locked instantly, regardless of whether its position is changed, until the computer restarts<\/strong>.<\/li>\n<\/ul>\n\n\n\n<h2 class=\"wp-block-heading\">__________________________________________________________________________<\/h2>\n\n\n\n<h3 class=\"wp-block-heading\">Optimisez votre ordinateur \u00e0 la maison ou au travail.<\/h3>\n\n\n\n<ul class=\"wp-block-list\">\n<li><strong>Simplicit\u00e9 d\u2019emploie et d&rsquo;installation, &nbsp;aucuns logiciels n\u00e9cessaires !<\/strong><\/li>\n\n\n\n<li><strong> Permet d&rsquo;essayer les nouveaux logiciels sans crainte, puisque dor\u00e9navant l&rsquo;on poss\u00e8de plusieurs disques de d\u00e9marrage !<\/strong><\/li>\n\n\n\n<li><strong> Permet de poss\u00e9der plusieurs syst\u00e8mes d&rsquo;exploitations dans diff\u00e9rents disques (SSD) dans un m\u00eame ordinateur, et d\u00e9j\u00e0 pr\u00eat pour utilisation. <\/strong><\/li>\n\n\n\n<li><strong> S\u00e9curis\u00e9 tous vos logiciels, en sauvegardant un disque clone (SSD) dans votre ordinateur<\/strong>.<\/li>\n<\/ul>\n\n\n\n<h2 class=\"wp-block-heading\">__________________________________________________________________________<\/h2>\n\n\n\n<h3 class=\"wp-block-heading\">Optimize your computer at home or at work.<\/h3>\n\n\n\n<ul class=\"wp-block-list\">\n<li><strong>Simple to use and install, no software required!<\/strong><\/li>\n\n\n\n<li><strong>This allows you to try new software without fear, since you now have multiple boot disks!<\/strong><\/li>\n\n\n\n<li><strong>Allows you to have multiple operating systems on different disks (SSD) in the same computer, and already ready to use.<\/strong><\/li>\n\n\n\n<li><strong>Secure all your software by backing up a clone disk (SSD) in your computer.<\/strong><\/li>\n<\/ul>\n\n\n\n<hr class=\"wp-block-separator has-css-opacity\"\/>\n\n\n\n<figure class=\"wp-block-image size-large\"><a href=\"https:\/\/www.dosektechnologies.com\/wp-content\/uploads\/2020\/05\/20200507_173005-scaled.jpg\"><img loading=\"lazy\" decoding=\"async\" width=\"1024\" height=\"778\" src=\"https:\/\/www.dosektechnologies.com\/wp-content\/uploads\/2020\/05\/20200507_173005-1024x778.jpg\" alt=\"\" class=\"wp-image-1144\" srcset=\"https:\/\/www.dosektechnologies.com\/wp-content\/uploads\/2020\/05\/20200507_173005-1024x778.jpg 1024w, https:\/\/www.dosektechnologies.com\/wp-content\/uploads\/2020\/05\/20200507_173005-300x228.jpg 300w, https:\/\/www.dosektechnologies.com\/wp-content\/uploads\/2020\/05\/20200507_173005-768x584.jpg 768w, https:\/\/www.dosektechnologies.com\/wp-content\/uploads\/2020\/05\/20200507_173005-150x114.jpg 150w\" sizes=\"auto, (max-width: 1024px) 100vw, 1024px\" \/><\/a><figcaption class=\"wp-element-caption\">Multiboot1  3.25\u00a0\u00bb  Bay<\/figcaption><\/figure>\n\n\n\n<h2 class=\"wp-block-heading\">__________________________________________________________________________<\/h2>\n\n\n\n<p>Les SSD (Solid State Drives) se diff\u00e9rencient en grande partie par leur vitesse\u00a0: ils rendent presque tout plus rapide, du d\u00e9marrage d&rsquo;applications \u00e0 la copie de fichiers en passant par l&rsquo;extraction de ces fichiers en un \u00e9clair. Autre avantage : ces disques sont moins sujets aux pannes dues au manque de pi\u00e8ces internes mobiles. Et de plus depuis 2024, ils sont disponibles \u00e0 un prix tr\u00e8s bas par rapport au disque m\u00e9moire SSD MVMe.<\/p>\n\n\n\n<h2 class=\"wp-block-heading\">__________________________________________________________________________<\/h2>\n\n\n\n<p>(Patent U.S.A. : No. US&nbsp; 10,140,233 B2)<\/p>\n\n\n\n<p>(Patent CANADA. : No. 2,932,886)<\/p>\n","protected":false},"excerpt":{"rendered":"<p>\u00a0 Voici un produit informatique simple et innovateur ! D\u00e9velopp\u00e9 par\u00a0 Dosek Technologies, le SELECTEUR DE D\u00c9MARRAGE INTELLIGENT est un \u00e9quipement (hardware) facile \u00e0 installer dans un Desktop ou une tour PC. Il vous permettra d&rsquo;utiliser jusqu&rsquo;a quatre SSD de d\u00e9marrage dans votre ordinateur. . . The new SMART BOOTABLE SELECTOR\u00a0 will allow you to&hellip;<\/p>\n","protected":false},"author":1,"featured_media":0,"parent":0,"menu_order":0,"comment_status":"closed","ping_status":"closed","template":"","meta":{"footnotes":""},"class_list":["post-116","page","type-page","status-publish","hentry"],"_links":{"self":[{"href":"https:\/\/www.dosektechnologies.com\/index.php?rest_route=\/wp\/v2\/pages\/116","targetHints":{"allow":["GET"]}}],"collection":[{"href":"https:\/\/www.dosektechnologies.com\/index.php?rest_route=\/wp\/v2\/pages"}],"about":[{"href":"https:\/\/www.dosektechnologies.com\/index.php?rest_route=\/wp\/v2\/types\/page"}],"author":[{"embeddable":true,"href":"https:\/\/www.dosektechnologies.com\/index.php?rest_route=\/wp\/v2\/users\/1"}],"replies":[{"embeddable":true,"href":"https:\/\/www.dosektechnologies.com\/index.php?rest_route=%2Fwp%2Fv2%2Fcomments&post=116"}],"version-history":[{"count":264,"href":"https:\/\/www.dosektechnologies.com\/index.php?rest_route=\/wp\/v2\/pages\/116\/revisions"}],"predecessor-version":[{"id":1374,"href":"https:\/\/www.dosektechnologies.com\/index.php?rest_route=\/wp\/v2\/pages\/116\/revisions\/1374"}],"wp:attachment":[{"href":"https:\/\/www.dosektechnologies.com\/index.php?rest_route=%2Fwp%2Fv2%2Fmedia&parent=116"}],"curies":[{"name":"wp","href":"https:\/\/api.w.org\/{rel}","templated":true}]}}